{"id":30,"date":"2019-04-08T18:03:08","date_gmt":"2019-04-08T18:03:08","guid":{"rendered":"http:\/\/computerschule-potsdam.de\/avneu\/?page_id=30"},"modified":"2021-08-09T19:57:24","modified_gmt":"2021-08-09T17:57:24","slug":"landingpage_csp","status":"publish","type":"page","link":"https:\/\/computerschule-potsdam.de\/","title":{"rendered":"landingpage_csp"},"content":{"rendered":"<h3>Herzlich Willkommen!<\/h3>\n<p>Die Computerschule Potsdam mit Sitz im Herzen des geschichtstr\u00e4chtigen und vielgestaltigen <a href=\"http:\/\/de.wikipedia.org\/wiki\/Babelsberg\" target=\"_blank\" rel=\"noopener noreferrer\">Potsdamer Stadtteils Babelsberg<\/a> ist als etablierte Bildungseinrichtung ein spezialisiertes Aus-, Fort- und Weiterbildungsinstitut zu Computer, Internet, Software und Sicherheit sowohl f\u00fcr Anf\u00e4nger und Einsteiger als auch f\u00fcr Fortgeschrittene Anwender, Firmen und Vereine.<\/p>\n<p>Neben der Leitung des Hauses geh\u00f6ren praxiserfahrene Dozenten zu (fast) allen Themenbereichen rund um Computer, Internet und Software zum Team der Einrichtung.<\/p>\n<p style=\"text-align: center;\">Sprechen Sie uns an \u2013 wir freuen uns auf Sie!<\/p>\n<p style=\"text-align: center;\">Gerne sind wir telefonisch f\u00fcr Sie da: 01776010836<\/p>\n<style type=\"text\/css\">p { margin-bottom: 0.25cm; direction: ltr; line-height: 115%; text-align: left; }a:link { color: rgb(5, 99, 193); }<\/style>\n<p>\t\t\t<a href=\"tel:+491776010836\" role=\"button\"><br \/>\n\t\t\t\t\t\tJetzt anrufen<br \/>\n\t\t\t\t\t<\/a><br \/>\n\t\t\t<iframe loading=\"lazy\" src=\"https:\/\/www.google.com\/maps\/embed?pb=!1m18!1m12!1m3!1d2434.7884632732203!2d13.089040615756373!3d52.39238497979024!2m3!1f0!2f0!3f0!3m2!1i1024!2i768!4f13.1!3m3!1m2!1s0x47a8f5f737708e41%3A0xbf0c64fd4594cf5!2sComputerschule%20Potsdam!5e0!3m2!1sde!2sde!4v1580923579561!5m2!1sde!2sde\" width=\"600\" height=\"450\" frameborder=\"0\" style=\"border:0;\" allowfullscreen=\"\"><\/iframe>\t\t<\/p>\n<h2><b>Impressum<\/b><\/p>\n<p>Angaben gem. \u00a7 5 TMG<\/p>\n<p>Verantwortlicher Betreiber der Website und Kontakt:<\/p>\n<p>Computerschule Potsdam<\/p>\n<p>Inhaber: David Hable<\/p>\n<p>B\u00fcroanschrift:<\/p>\n<p>Dorothea-Schneider-Strasse 10<\/p>\n<p>14480 Potsdam<\/p>\n<p>Telefon: 01776010836<\/p>\n<p>E-Mail: computerschule-potsdam[at]outlook.de<\/p>\n<p>Schulungszentrum:<\/p>\n<p>Karl-Liebknecht-Strasse 135<\/p>\n<p>14482 Potsdam<\/h2>\n<p>\t\t[Rich_Web_Tabs id=&#8220;7&#8243;][Rich_Web_Tabs id=&#8220;8&#8243;]<\/p>\n","protected":false},"excerpt":{"rendered":"<p>Herzlich Willkommen! Die Computerschule Potsdam mit Sitz im Herzen des geschichtstr\u00e4chtigen und vielgestaltigen Potsdamer Stadtteils Babelsberg ist als etablierte Bildungseinrichtung ein spezialisiertes Aus-, Fort- und Weiterbildungsinstitut zu Computer, Internet, Software und Sicherheit sowohl f\u00fcr Anf\u00e4nger und Einsteiger als auch f\u00fcr Fortgeschrittene Anwender, Firmen und Vereine. Neben der Leitung des Hauses geh\u00f6ren praxiserfahrene Dozenten zu (fast) [&hellip;]<\/p>\n","protected":false},"author":1,"featured_media":0,"parent":0,"menu_order":0,"comment_status":"closed","ping_status":"closed","template":"elementor_canvas","meta":{"site-sidebar-layout":"no-sidebar","site-content-layout":"page-builder","ast-site-content-layout":"default","site-content-style":"default","site-sidebar-style":"default","ast-global-header-display":"","ast-banner-title-visibility":"","ast-main-header-display":"","ast-hfb-above-header-display":"","ast-hfb-below-header-display":"","ast-hfb-mobile-header-display":"","site-post-title":"disabled","ast-breadcrumbs-content":"","ast-featured-img":"disabled","footer-sml-layout":"","ast-disable-related-posts":"","theme-transparent-header-meta":"default","adv-header-id-meta":"","stick-header-meta":"","header-above-stick-meta":"","header-main-stick-meta":"","header-below-stick-meta":"","astra-migrate-meta-layouts":"default","ast-page-background-enabled":"default","ast-page-background-meta":{"desktop":{"background-color":"","background-image":"","background-repeat":"repeat","background-position":"center center","background-size":"auto","background-attachment":"scroll","background-type":"","background-media":"","overlay-type":"","overlay-color":"","overlay-opacity":"","overlay-gradient":""},"tablet":{"background-color":"","background-image":"","background-repeat":"repeat","background-position":"center center","background-size":"auto","background-attachment":"scroll","background-type":"","background-media":"","overlay-type":"","overlay-color":"","overlay-opacity":"","overlay-gradient":""},"mobile":{"background-color":"","background-image":"","background-repeat":"repeat","background-position":"center center","background-size":"auto","background-attachment":"scroll","background-type":"","background-media":"","overlay-type":"","overlay-color":"","overlay-opacity":"","overlay-gradient":""}},"ast-content-background-meta":{"desktop":{"background-color":"var(--ast-global-color-5)","background-image":"","background-repeat":"repeat","background-position":"center center","background-size":"auto","background-attachment":"scroll","background-type":"","background-media":"","overlay-type":"","overlay-color":"","overlay-opacity":"","overlay-gradient":""},"tablet":{"background-color":"var(--ast-global-color-5)","background-image":"","background-repeat":"repeat","background-position":"center center","background-size":"auto","background-attachment":"scroll","background-type":"","background-media":"","overlay-type":"","overlay-color":"","overlay-opacity":"","overlay-gradient":""},"mobile":{"background-color":"var(--ast-global-color-5)","background-image":"","background-repeat":"repeat","background-position":"center center","background-size":"auto","background-attachment":"scroll","background-type":"","background-media":"","overlay-type":"","overlay-color":"","overlay-opacity":"","overlay-gradient":""}},"footnotes":""},"class_list":["post-30","page","type-page","status-publish","hentry"],"_links":{"self":[{"href":"https:\/\/computerschule-potsdam.de\/index.php\/wp-json\/wp\/v2\/pages\/30","targetHints":{"allow":["GET"]}}],"collection":[{"href":"https:\/\/computerschule-potsdam.de\/index.php\/wp-json\/wp\/v2\/pages"}],"about":[{"href":"https:\/\/computerschule-potsdam.de\/index.php\/wp-json\/wp\/v2\/types\/page"}],"author":[{"embeddable":true,"href":"https:\/\/computerschule-potsdam.de\/index.php\/wp-json\/wp\/v2\/users\/1"}],"replies":[{"embeddable":true,"href":"https:\/\/computerschule-potsdam.de\/index.php\/wp-json\/wp\/v2\/comments?post=30"}],"version-history":[{"count":0,"href":"https:\/\/computerschule-potsdam.de\/index.php\/wp-json\/wp\/v2\/pages\/30\/revisions"}],"wp:attachment":[{"href":"https:\/\/computerschule-potsdam.de\/index.php\/wp-json\/wp\/v2\/media?parent=30"}],"curies":[{"name":"wp","href":"https:\/\/api.w.org\/{rel}","templated":true}]}}